{"id":16,"date":"2024-04-29T22:59:21","date_gmt":"2024-04-30T01:59:21","guid":{"rendered":"https:\/\/gadgetgarimpo.com\/?page_id=16"},"modified":"2024-04-29T22:59:21","modified_gmt":"2024-04-30T01:59:21","slug":"fale-conosco","status":"publish","type":"page","link":"https:\/\/liberdade-digital.com\/en\/fale-conosco\/","title":{"rendered":"Fale Conosco"},"content":{"rendered":"<p>N\u00f3s do Liberdade digital, valorizamos sua opini\u00e3o e seu envolvimento. Se voc\u00ea tiver d\u00favidas, sugest\u00f5es ou gostaria de compartilhar sua pr\u00f3pria jornada, n\u00e3o hesite em entrar em contato conosco.<\/p>\n\n\n\n<div class=\"wp-block-contact-form-7-contact-form-selector\">[contact-form-7 id=&#8221;fbe5aba&#8221; title=&#8221;Formul\u00e1rio de contato 1&#8243;]<\/div>","protected":false},"excerpt":{"rendered":"<p>N\u00f3s do Liberdade digital, valorizamos sua opini\u00e3o e seu envolvimento. Se voc\u00ea tiver d\u00favidas, sugest\u00f5es ou gostaria de compartilhar sua pr\u00f3pria jornada, n\u00e3o hesite em entrar em contato conosco.<\/p>","protected":false},"author":1,"featured_media":0,"parent":0,"menu_order":0,"comment_status":"closed","ping_status":"closed","template":"","meta":{"neve_meta_sidebar":"","neve_meta_container":"","neve_meta_enable_content_width":"","neve_meta_content_width":0,"neve_meta_title_alignment":"","neve_meta_author_avatar":"","neve_post_elements_order":"","neve_meta_disable_header":"","neve_meta_disable_footer":"","neve_meta_disable_title":"","neve_meta_reading_time":"","footnotes":""},"class_list":["post-16","page","type-page","status-publish","hentry"],"yoast_head":"<!-- This site is optimized with the Yoast SEO plugin v27.4 - https:\/\/yoast.com\/product\/yoast-seo-wordpress\/ -->\n<title>Fale Conosco - Liberdade Digital<\/title>\n<meta name=\"robots\" content=\"index, follow, max-snippet:-1, max-image-preview:large, max-video-preview:-1\" \/>\n<link rel=\"canonical\" href=\"https:\/\/liberdade-digital.com\/en\/fale-conosco\/\" \/>\n<meta property=\"og:locale\" content=\"en_US\" \/>\n<meta property=\"og:type\" content=\"article\" \/>\n<meta property=\"og:title\" content=\"Fale Conosco - Liberdade Digital\" \/>\n<meta property=\"og:description\" content=\"N\u00f3s do Liberdade digital, valorizamos sua opini\u00e3o e seu envolvimento. Se voc\u00ea tiver d\u00favidas, sugest\u00f5es ou gostaria de compartilhar sua pr\u00f3pria jornada, n\u00e3o hesite em entrar em contato conosco.\" \/>\n<meta property=\"og:url\" content=\"https:\/\/liberdade-digital.com\/en\/fale-conosco\/\" \/>\n<meta property=\"og:site_name\" content=\"Liberdade Digital\" \/>\n<meta name=\"twitter:card\" content=\"summary_large_image\" \/>\n<meta name=\"twitter:label1\" content=\"Est. reading time\" \/>\n\t<meta name=\"twitter:data1\" content=\"1 minute\" \/>\n<script type=\"application\/ld+json\" class=\"yoast-schema-graph\">{\"@context\":\"https:\\\/\\\/schema.org\",\"@graph\":[{\"@type\":\"WebPage\",\"@id\":\"https:\\\/\\\/liberdade-digital.com\\\/fale-conosco\\\/\",\"url\":\"https:\\\/\\\/liberdade-digital.com\\\/fale-conosco\\\/\",\"name\":\"Fale Conosco - Liberdade Digital\",\"isPartOf\":{\"@id\":\"https:\\\/\\\/liberdade-digital.com\\\/#website\"},\"datePublished\":\"2024-04-30T01:59:21+00:00\",\"breadcrumb\":{\"@id\":\"https:\\\/\\\/liberdade-digital.com\\\/fale-conosco\\\/#breadcrumb\"},\"inLanguage\":\"en-US\",\"potentialAction\":[{\"@type\":\"ReadAction\",\"target\":[\"https:\\\/\\\/liberdade-digital.com\\\/fale-conosco\\\/\"]}]},{\"@type\":\"BreadcrumbList\",\"@id\":\"https:\\\/\\\/liberdade-digital.com\\\/fale-conosco\\\/#breadcrumb\",\"itemListElement\":[{\"@type\":\"ListItem\",\"position\":1,\"name\":\"In\u00edcio\",\"item\":\"https:\\\/\\\/liberdade-digital.com\\\/\"},{\"@type\":\"ListItem\",\"position\":2,\"name\":\"Fale Conosco\"}]},{\"@type\":\"WebSite\",\"@id\":\"https:\\\/\\\/liberdade-digital.com\\\/#website\",\"url\":\"https:\\\/\\\/liberdade-digital.com\\\/\",\"name\":\"Liberdade Digital\",\"description\":\"Tudo Sobre Mundo Digital\",\"potentialAction\":[{\"@type\":\"SearchAction\",\"target\":{\"@type\":\"EntryPoint\",\"urlTemplate\":\"https:\\\/\\\/liberdade-digital.com\\\/?s={search_term_string}\"},\"query-input\":{\"@type\":\"PropertyValueSpecification\",\"valueRequired\":true,\"valueName\":\"search_term_string\"}}],\"inLanguage\":\"en-US\"}]}<\/script>\n<!-- \/ Yoast SEO plugin. -->","yoast_head_json":{"title":"Fale Conosco - Liberdade Digital","robots":{"index":"index","follow":"follow","max-snippet":"max-snippet:-1","max-image-preview":"max-image-preview:large","max-video-preview":"max-video-preview:-1"},"canonical":"https:\/\/liberdade-digital.com\/en\/fale-conosco\/","og_locale":"en_US","og_type":"article","og_title":"Fale Conosco - Liberdade Digital","og_description":"N\u00f3s do Liberdade digital, valorizamos sua opini\u00e3o e seu envolvimento. Se voc\u00ea tiver d\u00favidas, sugest\u00f5es ou gostaria de compartilhar sua pr\u00f3pria jornada, n\u00e3o hesite em entrar em contato conosco.","og_url":"https:\/\/liberdade-digital.com\/en\/fale-conosco\/","og_site_name":"Liberdade Digital","twitter_card":"summary_large_image","twitter_misc":{"Est. reading time":"1 minute"},"schema":{"@context":"https:\/\/schema.org","@graph":[{"@type":"WebPage","@id":"https:\/\/liberdade-digital.com\/fale-conosco\/","url":"https:\/\/liberdade-digital.com\/fale-conosco\/","name":"Fale Conosco - Liberdade Digital","isPartOf":{"@id":"https:\/\/liberdade-digital.com\/#website"},"datePublished":"2024-04-30T01:59:21+00:00","breadcrumb":{"@id":"https:\/\/liberdade-digital.com\/fale-conosco\/#breadcrumb"},"inLanguage":"en-US","potentialAction":[{"@type":"ReadAction","target":["https:\/\/liberdade-digital.com\/fale-conosco\/"]}]},{"@type":"BreadcrumbList","@id":"https:\/\/liberdade-digital.com\/fale-conosco\/#breadcrumb","itemListElement":[{"@type":"ListItem","position":1,"name":"In\u00edcio","item":"https:\/\/liberdade-digital.com\/"},{"@type":"ListItem","position":2,"name":"Fale Conosco"}]},{"@type":"WebSite","@id":"https:\/\/liberdade-digital.com\/#website","url":"https:\/\/liberdade-digital.com\/","name":"Liberdade Digital","description":"Tudo Sobre Mundo Digital","potentialAction":[{"@type":"SearchAction","target":{"@type":"EntryPoint","urlTemplate":"https:\/\/liberdade-digital.com\/?s={search_term_string}"},"query-input":{"@type":"PropertyValueSpecification","valueRequired":true,"valueName":"search_term_string"}}],"inLanguage":"en-US"}]}},"jetpack_sharing_enabled":true,"_links":{"self":[{"href":"https:\/\/liberdade-digital.com\/en\/wp-json\/wp\/v2\/pages\/16","targetHints":{"allow":["GET"]}}],"collection":[{"href":"https:\/\/liberdade-digital.com\/en\/wp-json\/wp\/v2\/pages"}],"about":[{"href":"https:\/\/liberdade-digital.com\/en\/wp-json\/wp\/v2\/types\/page"}],"author":[{"embeddable":true,"href":"https:\/\/liberdade-digital.com\/en\/wp-json\/wp\/v2\/users\/1"}],"replies":[{"embeddable":true,"href":"https:\/\/liberdade-digital.com\/en\/wp-json\/wp\/v2\/comments?post=16"}],"version-history":[{"count":0,"href":"https:\/\/liberdade-digital.com\/en\/wp-json\/wp\/v2\/pages\/16\/revisions"}],"wp:attachment":[{"href":"https:\/\/liberdade-digital.com\/en\/wp-json\/wp\/v2\/media?parent=16"}],"curies":[{"name":"wp","href":"https:\/\/api.w.org\/{rel}","templated":true}]}}