{"id":22,"date":"2024-04-29T23:01:39","date_gmt":"2024-04-30T02:01:39","guid":{"rendered":"https:\/\/gadgetgarimpo.com\/?page_id=22"},"modified":"2024-04-29T23:01:39","modified_gmt":"2024-04-30T02:01:39","slug":"politica-de-cookies","status":"publish","type":"page","link":"https:\/\/liberdade-digital.com\/en\/politica-de-cookies\/","title":{"rendered":"Pol\u00edtica de Cookies"},"content":{"rendered":"<p>\u00daltima atualiza\u00e7\u00e3o: 13\/05\/2024<\/p><div id=\"ez-toc-container\" class=\"ez-toc-v2_0_82_2 ez-toc-wrap-center counter-flat ez-toc-counter ez-toc-custom ez-toc-container-direction\">\n<div class=\"ez-toc-title-container\">\n<p class=\"ez-toc-title\" style=\"cursor:inherit\">Sum\u00e1rio<\/p>\n<span class=\"ez-toc-title-toggle\"><a href=\"#\" class=\"ez-toc-pull-right ez-toc-btn ez-toc-btn-xs ez-toc-btn-default ez-toc-toggle\" aria-label=\"Toggle Table of Content\"><span class=\"ez-toc-js-icon-con\"><span class=\"\"><span class=\"eztoc-hide\" style=\"display:none;\">Toggle<\/span><span class=\"ez-toc-icon-toggle-span\"><svg style=\"fill: #000000;color:#000000\" xmlns=\"http:\/\/www.w3.org\/2000\/svg\" class=\"list-377408\" width=\"20px\" height=\"20px\" viewbox=\"0 0 24 24\" fill=\"none\"><path d=\"M6 6H4v2h2V6zm14 0H8v2h12V6zM4 11h2v2H4v-2zm16 0H8v2h12v-2zM4 16h2v2H4v-2zm16 0H8v2h12v-2z\" fill=\"currentColor\"><\/path><\/svg><svg style=\"fill: #000000;color:#000000\" class=\"arrow-unsorted-368013\" xmlns=\"http:\/\/www.w3.org\/2000\/svg\" width=\"10px\" height=\"10px\" viewbox=\"0 0 24 24\" version=\"1.2\" baseprofile=\"tiny\"><path d=\"M18.2 9.3l-6.2-6.3-6.2 6.3c-.2.2-.3.4-.3.7s.1.5.3.7c.2.2.4.3.7.3h11c.3 0 .5-.1.7-.3.2-.2.3-.5.3-.7s-.1-.5-.3-.7zM5.8 14.7l6.2 6.3 6.2-6.3c.2-.2.3-.5.3-.7s-.1-.5-.3-.7c-.2-.2-.4-.3-.7-.3h-11c-.3 0-.5.1-.7.3-.2.2-.3.5-.3.7s.1.5.3.7z\"\/><\/svg><\/span><\/span><\/span><\/a><\/span><\/div>\n<nav><ul class='ez-toc-list ez-toc-list-level-1' ><li class='ez-toc-page-1'><a class=\"ez-toc-link ez-toc-heading-1\" href=\"https:\/\/liberdade-digital.com\/en\/politica-de-cookies\/#O_que_sao_cookies\" >O que s\u00e3o cookies?<\/a><\/li><li class='ez-toc-page-1'><a class=\"ez-toc-link ez-toc-heading-2\" href=\"https:\/\/liberdade-digital.com\/en\/politica-de-cookies\/#Como_utilizamos_os_cookies\" >Como utilizamos os cookies?<\/a><\/li><li class='ez-toc-page-1'><a class=\"ez-toc-link ez-toc-heading-3\" href=\"https:\/\/liberdade-digital.com\/en\/politica-de-cookies\/#Que_tipos_de_cookies_utilizamos\" >Que tipos de cookies utilizamos?<\/a><\/li><li class='ez-toc-page-1'><a class=\"ez-toc-link ez-toc-heading-4\" href=\"https:\/\/liberdade-digital.com\/en\/politica-de-cookies\/#Como_controlar_as_suas_preferencias_de_cookies\" >Como controlar as suas prefer\u00eancias de cookies?<\/a><\/li><li class='ez-toc-page-1'><a class=\"ez-toc-link ez-toc-heading-5\" href=\"https:\/\/liberdade-digital.com\/en\/politica-de-cookies\/#Contacte-nos\" >Contacte-nos<\/a><\/li><\/ul><\/nav><\/div>\n\n\n\n\n<p>Esta Pol\u00edtica de Cookies explica o que s\u00e3o cookies e como os utilizamos no nosso website, o Gadget Garimpo. <\/p>\n\n\n\n<p>Recomendamos que leia esta pol\u00edtica para entender o que s\u00e3o cookies, como os utilizamos, os tipos de cookies que utilizamos, as informa\u00e7\u00f5es que recolhemos utilizando cookies e como essa informa\u00e7\u00e3o \u00e9 utilizada e como controlar as prefer\u00eancias de cookies. <\/p>\n\n\n\n<p>Para mais informa\u00e7\u00f5es sobre como utilizamos, armazenamos e mantemos seus dados pessoais seguros, consulte nossa Pol\u00edtica de Privacidade.<\/p>\n\n\n\n<p>Voc\u00ea pode alterar ou retirar seu consentimento da Declara\u00e7\u00e3o de Cookies no nosso website a qualquer momento.<\/p>\n\n\n\n<h2 class=\"wp-block-heading\"><span class=\"ez-toc-section\" id=\"O_que_sao_cookies\"><\/span>O que s\u00e3o cookies?<span class=\"ez-toc-section-end\"><\/span><\/h2>\n\n\n\n<p>Cookies s\u00e3o pequenos arquivos de texto utilizados para armazenar pequenas informa\u00e7\u00f5es. Os cookies s\u00e3o armazenados no seu dispositivo quando o website \u00e9 carregado no seu navegador. <\/p>\n\n\n\n<p>Esses cookies ajudam-nos a fazer o website funcionar corretamente, a torn\u00e1-lo mais seguro, a fornecer uma melhor experi\u00eancia do utilizador e a entender como o website funciona e a analisar o que funciona e onde precisa de melhorias.<\/p>\n\n\n\n<h2 class=\"wp-block-heading\"><span class=\"ez-toc-section\" id=\"Como_utilizamos_os_cookies\"><\/span>Como utilizamos os cookies?<span class=\"ez-toc-section-end\"><\/span><\/h2>\n\n\n\n<p>Como a maioria dos servi\u00e7os online, o nosso website utiliza cookies pr\u00f3prios e de terceiros para diversos fins. Os cookies prim\u00e1rios s\u00e3o principalmente necess\u00e1rios para o funcionamento correto do website e n\u00e3o recolhem nenhum dos seus dados pessoais identific\u00e1veis.<\/p>\n\n\n\n<p>Os cookies de terceiros utilizados no nosso website s\u00e3o principalmente para entender como o website \u00e9 utilizado, como interage com o nosso website, manter os nossos servi\u00e7os seguros, fornecer an\u00fancios que s\u00e3o relevantes para si e, em geral, fornecer-lhe uma experi\u00eancia melhor e melhorada e ajudar a acelerar as suas futuras intera\u00e7\u00f5es com o nosso website.<\/p>\n\n\n\n<h2 class=\"wp-block-heading\"><span class=\"ez-toc-section\" id=\"Que_tipos_de_cookies_utilizamos\"><\/span>Que tipos de cookies utilizamos?<span class=\"ez-toc-section-end\"><\/span><\/h2>\n\n\n\n<p><strong>Essenciais<\/strong>: Alguns cookies s\u00e3o essenciais para que possa experimentar todas as funcionalidades do nosso site. Eles nos permitem manter sess\u00f5es de usu\u00e1rios e evitar amea\u00e7as \u00e0 seguran\u00e7a. Eles n\u00e3o recolhem ou armazenam nenhuma informa\u00e7\u00e3o pessoal. Por exemplo, esses cookies permitem que voc\u00ea fa\u00e7a login na sua conta e adicione produtos ao seu carrinho e finalize a compra com seguran\u00e7a.<\/p>\n\n\n\n<p><strong>Estat\u00edsticas<\/strong>: Estes cookies armazenam informa\u00e7\u00f5es como o n\u00famero de visitantes do website, o n\u00famero de visitantes \u00fanicos, quais p\u00e1ginas do website foram visitadas, a fonte da visita, etc. Estes dados ajudam-nos a compreender e analisar o desempenho do website e onde precisa de melhorias.<\/p>\n\n\n\n<p><strong>Marketing<\/strong>: O nosso website exibe an\u00fancios. Estes cookies s\u00e3o utilizados para personalizar os an\u00fancios que mostramos a voc\u00ea para que sejam significativos para voc\u00ea. Esses cookies tamb\u00e9m nos ajudam a acompanhar a efic\u00e1cia dessas campanhas publicit\u00e1rias.<\/p>\n\n\n\n<p>As informa\u00e7\u00f5es armazenadas nesses cookies tamb\u00e9m podem ser usadas por fornecedores de publicidade de terceiros para mostrar an\u00fancios em outros sites no navegador tamb\u00e9m.<\/p>\n\n\n\n<p><strong>Funcionais<\/strong>: Estes s\u00e3o os cookies que ajudam certas funcionalidades n\u00e3o essenciais no nosso website. Estas funcionalidades incluem incorporar conte\u00fado como v\u00eddeos ou partilhar conte\u00fado no website em plataformas de redes sociais.<\/p>\n\n\n\n<p><strong>Prefer\u00eancias<\/strong>: Estes cookies nos ajudam a armazenar as suas configura\u00e7\u00f5es e prefer\u00eancias de navega\u00e7\u00e3o, como prefer\u00eancias de idioma, para que voc\u00ea tenha uma experi\u00eancia melhor e mais eficiente em futuras visitas ao website.<\/p>\n\n\n\n<h2 class=\"wp-block-heading\"><span class=\"ez-toc-section\" id=\"Como_controlar_as_suas_preferencias_de_cookies\"><\/span>Como controlar as suas prefer\u00eancias de cookies?<span class=\"ez-toc-section-end\"><\/span><\/h2>\n\n\n\n<p>Se decidir alterar as suas prefer\u00eancias mais tarde durante a sua sess\u00e3o de navega\u00e7\u00e3o, voc\u00ea pode clicar na guia &#8220;Pol\u00edtica de Privacidade e Cookies&#8221; no seu ecr\u00e3. <\/p>\n\n\n\n<p>Isso mostrar\u00e1 o aviso de consentimento novamente, permitindo que voc\u00ea altere suas prefer\u00eancias ou retire seu consentimento totalmente.<\/p>\n\n\n\n<p>Al\u00e9m disso, os diferentes navegadores fornecem m\u00e9todos diferentes para bloquear e excluir cookies utilizados pelos websites. <\/p>\n\n\n\n<p>Voc\u00ea pode alterar as configura\u00e7\u00f5es do seu navegador para bloquear \/ excluir os cookies. Para saber mais sobre como gerir e excluir cookies, visite wikipedia.org, <a href=\"http:\/\/www.allaboutcookies.org\/\">www.allaboutcookies.org<\/a>.<\/p>\n\n\n\n<h2 class=\"wp-block-heading\"><span class=\"ez-toc-section\" id=\"Contacte-nos\"><\/span>Contacte-nos<span class=\"ez-toc-section-end\"><\/span><\/h2>\n\n\n\n<p>Se tiver alguma d\u00favida sobre esta pol\u00edtica de cookies, pode contactar-nos:<\/p>\n\n\n\n<ul class=\"wp-block-list\">\n<li>Por email: info@gadgetgarimpo.com<\/li>\n<\/ul>\n\n\n\n<p>Esperamos que esta pol\u00edtica de cookies tenha esclarecido as suas d\u00favidas. <\/p>\n\n\n\n<p>Como mencionado anteriormente, se h\u00e1 algo que voc\u00ea n\u00e3o tem certeza se precisa ou n\u00e3o, geralmente \u00e9 mais seguro deixar os cookies ativados, caso interaja com uma das funcionalidades que voc\u00ea usa no nosso website.<\/p>\n\n\n\n<p>No entanto, se ainda estiver \u00e0 procura de mais informa\u00e7\u00f5es, pode contactar-nos atrav\u00e9s de um dos nossos m\u00e9todos de contacto preferidos.<\/p>","protected":false},"excerpt":{"rendered":"<p>\u00daltima atualiza\u00e7\u00e3o: 13\/05\/2024 Esta Pol\u00edtica de Cookies explica o que s\u00e3o cookies e como os utilizamos no nosso website, o Gadget Garimpo. Recomendamos que leia esta pol\u00edtica para entender o que s\u00e3o cookies, como os utilizamos, os tipos de cookies que utilizamos, as informa\u00e7\u00f5es que recolhemos utilizando cookies e como essa informa\u00e7\u00e3o \u00e9 utilizada e&hellip;&nbsp;<a href=\"https:\/\/liberdade-digital.com\/en\/politica-de-cookies\/\" rel=\"bookmark\"><span class=\"screen-reader-text\">Pol\u00edtica de Cookies<\/span><\/a><\/p>","protected":false},"author":1,"featured_media":0,"parent":0,"menu_order":0,"comment_status":"closed","ping_status":"closed","template":"","meta":{"neve_meta_sidebar":"","neve_meta_container":"","neve_meta_enable_content_width":"","neve_meta_content_width":0,"neve_meta_title_alignment":"","neve_meta_author_avatar":"","neve_post_elements_order":"","neve_meta_disable_header":"","neve_meta_disable_footer":"","neve_meta_disable_title":"","neve_meta_reading_time":"","footnotes":""},"class_list":["post-22","page","type-page","status-publish","hentry"],"yoast_head":"<!-- This site is optimized with the Yoast SEO plugin v27.4 - https:\/\/yoast.com\/product\/yoast-seo-wordpress\/ -->\n<title>Pol\u00edtica de Cookies - Liberdade Digital<\/title>\n<meta name=\"robots\" content=\"index, follow, max-snippet:-1, max-image-preview:large, max-video-preview:-1\" \/>\n<link rel=\"canonical\" href=\"https:\/\/liberdade-digital.com\/en\/politica-de-cookies\/\" \/>\n<meta property=\"og:locale\" content=\"en_US\" \/>\n<meta property=\"og:type\" content=\"article\" \/>\n<meta property=\"og:title\" content=\"Pol\u00edtica de Cookies - Liberdade Digital\" \/>\n<meta property=\"og:description\" content=\"\u00daltima atualiza\u00e7\u00e3o: 13\/05\/2024 Esta Pol\u00edtica de Cookies explica o que s\u00e3o cookies e como os utilizamos no nosso website, o Gadget Garimpo. Recomendamos que leia esta pol\u00edtica para entender o que s\u00e3o cookies, como os utilizamos, os tipos de cookies que utilizamos, as informa\u00e7\u00f5es que recolhemos utilizando cookies e como essa informa\u00e7\u00e3o \u00e9 utilizada e&hellip;&nbsp;Pol\u00edtica de Cookies\" \/>\n<meta property=\"og:url\" content=\"https:\/\/liberdade-digital.com\/en\/politica-de-cookies\/\" \/>\n<meta property=\"og:site_name\" content=\"Liberdade Digital\" \/>\n<meta name=\"twitter:card\" content=\"summary_large_image\" \/>\n<meta name=\"twitter:label1\" content=\"Est. reading time\" \/>\n\t<meta name=\"twitter:data1\" content=\"4 minutes\" \/>\n<script type=\"application\/ld+json\" class=\"yoast-schema-graph\">{\"@context\":\"https:\\\/\\\/schema.org\",\"@graph\":[{\"@type\":\"WebPage\",\"@id\":\"https:\\\/\\\/liberdade-digital.com\\\/politica-de-cookies\\\/\",\"url\":\"https:\\\/\\\/liberdade-digital.com\\\/politica-de-cookies\\\/\",\"name\":\"Pol\u00edtica de Cookies - Liberdade Digital\",\"isPartOf\":{\"@id\":\"https:\\\/\\\/liberdade-digital.com\\\/#website\"},\"datePublished\":\"2024-04-30T02:01:39+00:00\",\"breadcrumb\":{\"@id\":\"https:\\\/\\\/liberdade-digital.com\\\/politica-de-cookies\\\/#breadcrumb\"},\"inLanguage\":\"en-US\",\"potentialAction\":[{\"@type\":\"ReadAction\",\"target\":[\"https:\\\/\\\/liberdade-digital.com\\\/politica-de-cookies\\\/\"]}],\"hasPart\":[{\"@type\":\"SiteNavigationElement\",\"name\":\"Table of Contents\",\"url\":\"https:\\\/\\\/liberdade-digital.com\\\/en\\\/politica-de-cookies\\\/#ez-toc\",\"position\":1,\"hasPart\":[{\"@type\":\"SiteNavigationElement\",\"name\":\"O que s\u00e3o cookies?\",\"url\":\"https:\\\/\\\/liberdade-digital.com\\\/en\\\/politica-de-cookies\\\/#o-que-sao-cookies\",\"position\":2},{\"@type\":\"SiteNavigationElement\",\"name\":\"Como utilizamos os cookies?\",\"url\":\"https:\\\/\\\/liberdade-digital.com\\\/en\\\/politica-de-cookies\\\/#como-utilizamos-os-cookies\",\"position\":3},{\"@type\":\"SiteNavigationElement\",\"name\":\"Que tipos de cookies utilizamos?\",\"url\":\"https:\\\/\\\/liberdade-digital.com\\\/en\\\/politica-de-cookies\\\/#que-tipos-de-cookies-utilizamos\",\"position\":4},{\"@type\":\"SiteNavigationElement\",\"name\":\"Como controlar as suas prefer\u00eancias de cookies?\",\"url\":\"https:\\\/\\\/liberdade-digital.com\\\/en\\\/politica-de-cookies\\\/#como-controlar-as-suas-preferencias-de-cookies\",\"position\":5},{\"@type\":\"SiteNavigationElement\",\"name\":\"Contacte-nos\",\"url\":\"https:\\\/\\\/liberdade-digital.com\\\/en\\\/politica-de-cookies\\\/#contacte-nos\",\"position\":6}]}]},{\"@type\":\"BreadcrumbList\",\"@id\":\"https:\\\/\\\/liberdade-digital.com\\\/politica-de-cookies\\\/#breadcrumb\",\"itemListElement\":[{\"@type\":\"ListItem\",\"position\":1,\"name\":\"In\u00edcio\",\"item\":\"https:\\\/\\\/liberdade-digital.com\\\/\"},{\"@type\":\"ListItem\",\"position\":2,\"name\":\"Pol\u00edtica de Cookies\"}]},{\"@type\":\"WebSite\",\"@id\":\"https:\\\/\\\/liberdade-digital.com\\\/#website\",\"url\":\"https:\\\/\\\/liberdade-digital.com\\\/\",\"name\":\"Liberdade Digital\",\"description\":\"Tudo Sobre Mundo Digital\",\"potentialAction\":[{\"@type\":\"SearchAction\",\"target\":{\"@type\":\"EntryPoint\",\"urlTemplate\":\"https:\\\/\\\/liberdade-digital.com\\\/?s={search_term_string}\"},\"query-input\":{\"@type\":\"PropertyValueSpecification\",\"valueRequired\":true,\"valueName\":\"search_term_string\"}}],\"inLanguage\":\"en-US\"}]}<\/script>\n<!-- \/ Yoast SEO plugin. -->","yoast_head_json":{"title":"Pol\u00edtica de Cookies - Liberdade Digital","robots":{"index":"index","follow":"follow","max-snippet":"max-snippet:-1","max-image-preview":"max-image-preview:large","max-video-preview":"max-video-preview:-1"},"canonical":"https:\/\/liberdade-digital.com\/en\/politica-de-cookies\/","og_locale":"en_US","og_type":"article","og_title":"Pol\u00edtica de Cookies - Liberdade Digital","og_description":"\u00daltima atualiza\u00e7\u00e3o: 13\/05\/2024 Esta Pol\u00edtica de Cookies explica o que s\u00e3o cookies e como os utilizamos no nosso website, o Gadget Garimpo. Recomendamos que leia esta pol\u00edtica para entender o que s\u00e3o cookies, como os utilizamos, os tipos de cookies que utilizamos, as informa\u00e7\u00f5es que recolhemos utilizando cookies e como essa informa\u00e7\u00e3o \u00e9 utilizada e&hellip;&nbsp;Pol\u00edtica de Cookies","og_url":"https:\/\/liberdade-digital.com\/en\/politica-de-cookies\/","og_site_name":"Liberdade Digital","twitter_card":"summary_large_image","twitter_misc":{"Est. reading time":"4 minutes"},"schema":{"@context":"https:\/\/schema.org","@graph":[{"@type":"WebPage","@id":"https:\/\/liberdade-digital.com\/politica-de-cookies\/","url":"https:\/\/liberdade-digital.com\/politica-de-cookies\/","name":"Pol\u00edtica de Cookies - Liberdade Digital","isPartOf":{"@id":"https:\/\/liberdade-digital.com\/#website"},"datePublished":"2024-04-30T02:01:39+00:00","breadcrumb":{"@id":"https:\/\/liberdade-digital.com\/politica-de-cookies\/#breadcrumb"},"inLanguage":"en-US","potentialAction":[{"@type":"ReadAction","target":["https:\/\/liberdade-digital.com\/politica-de-cookies\/"]}],"hasPart":[{"@type":"SiteNavigationElement","name":"Table of Contents","url":"https:\/\/liberdade-digital.com\/en\/politica-de-cookies\/#ez-toc","position":1,"hasPart":[{"@type":"SiteNavigationElement","name":"O que s\u00e3o cookies?","url":"https:\/\/liberdade-digital.com\/en\/politica-de-cookies\/#o-que-sao-cookies","position":2},{"@type":"SiteNavigationElement","name":"Como utilizamos os cookies?","url":"https:\/\/liberdade-digital.com\/en\/politica-de-cookies\/#como-utilizamos-os-cookies","position":3},{"@type":"SiteNavigationElement","name":"Que tipos de cookies utilizamos?","url":"https:\/\/liberdade-digital.com\/en\/politica-de-cookies\/#que-tipos-de-cookies-utilizamos","position":4},{"@type":"SiteNavigationElement","name":"Como controlar as suas prefer\u00eancias de cookies?","url":"https:\/\/liberdade-digital.com\/en\/politica-de-cookies\/#como-controlar-as-suas-preferencias-de-cookies","position":5},{"@type":"SiteNavigationElement","name":"Contacte-nos","url":"https:\/\/liberdade-digital.com\/en\/politica-de-cookies\/#contacte-nos","position":6}]}]},{"@type":"BreadcrumbList","@id":"https:\/\/liberdade-digital.com\/politica-de-cookies\/#breadcrumb","itemListElement":[{"@type":"ListItem","position":1,"name":"In\u00edcio","item":"https:\/\/liberdade-digital.com\/"},{"@type":"ListItem","position":2,"name":"Pol\u00edtica de Cookies"}]},{"@type":"WebSite","@id":"https:\/\/liberdade-digital.com\/#website","url":"https:\/\/liberdade-digital.com\/","name":"Liberdade Digital","description":"Tudo Sobre Mundo Digital","potentialAction":[{"@type":"SearchAction","target":{"@type":"EntryPoint","urlTemplate":"https:\/\/liberdade-digital.com\/?s={search_term_string}"},"query-input":{"@type":"PropertyValueSpecification","valueRequired":true,"valueName":"search_term_string"}}],"inLanguage":"en-US"}]}},"jetpack_sharing_enabled":true,"_links":{"self":[{"href":"https:\/\/liberdade-digital.com\/en\/wp-json\/wp\/v2\/pages\/22","targetHints":{"allow":["GET"]}}],"collection":[{"href":"https:\/\/liberdade-digital.com\/en\/wp-json\/wp\/v2\/pages"}],"about":[{"href":"https:\/\/liberdade-digital.com\/en\/wp-json\/wp\/v2\/types\/page"}],"author":[{"embeddable":true,"href":"https:\/\/liberdade-digital.com\/en\/wp-json\/wp\/v2\/users\/1"}],"replies":[{"embeddable":true,"href":"https:\/\/liberdade-digital.com\/en\/wp-json\/wp\/v2\/comments?post=22"}],"version-history":[{"count":0,"href":"https:\/\/liberdade-digital.com\/en\/wp-json\/wp\/v2\/pages\/22\/revisions"}],"wp:attachment":[{"href":"https:\/\/liberdade-digital.com\/en\/wp-json\/wp\/v2\/media?parent=22"}],"curies":[{"name":"wp","href":"https:\/\/api.w.org\/{rel}","templated":true}]}}