{"id":622,"date":"2025-08-17T13:28:50","date_gmt":"2025-08-17T16:28:50","guid":{"rendered":"https:\/\/liberdade-digital.com\/?page_id=622"},"modified":"2025-09-16T09:43:48","modified_gmt":"2025-09-16T12:43:48","slug":"author","status":"publish","type":"page","link":"https:\/\/liberdade-digital.com\/en\/author\/","title":{"rendered":"Author"},"content":{"rendered":"<div class=\"wp-block-group\"><div class=\"wp-block-group__inner-container is-layout-flow wp-block-group-is-layout-flow\">\n<div class=\"wp-block-columns is-layout-flex wp-container-core-columns-is-layout-9d6595d7 wp-block-columns-is-layout-flex\">\n<div class=\"wp-block-column is-layout-flow wp-block-column-is-layout-flow\" style=\"flex-basis:100%\"><div style=\"font-style:normal;font-weight:300; border-radius:0px;border-style:none;border-width:0px; padding-top:0;padding-bottom:0;padding-left:0;padding-right:0;\" class=\"has-text-align-left has-link-color wp-elements-815dc63d18596c3b356b41404a2b3fe5 wp-block-post-author has-text-color has-neve-text-color-color has-background has-nv-text-dark-bg-background-color has-medium-font-size\"><div class=\"wp-block-post-author__avatar\"><img decoding=\"async\" src=\"https:\/\/liberdade-digital.com\/wp-content\/uploads\/2025\/09\/Rafael-Silva-1-Liberdade-Digital-Logo-Novo-96x96.png\" width=\"96\" height=\"96\" srcset=\"https:\/\/liberdade-digital.com\/wp-content\/uploads\/2025\/09\/Rafael-Silva-1-Liberdade-Digital-Logo-Novo.png 2x\" alt=\"Rafael Silva\" class=\"avatar avatar-96 wp-user-avatar wp-user-avatar-96 alignnone photo\" \/><\/div><div class=\"wp-block-post-author__content\"><p class=\"wp-block-post-author__byline\">Author<\/p><p class=\"wp-block-post-author__name\"><a href=\"https:\/\/liberdade-digital.com\/en\/author\/lminvestsustaingmail-com\/\" target=\"_blank\">Rafael Silva<\/a><\/p><p class=\"wp-block-post-author__bio\">Rafael Silva \u00e9 especialista em neg\u00f3cios online e renda pela internet, com ampla experi\u00eancia em marketing digital, e-commerce e estrat\u00e9gias de monetiza\u00e7\u00e3o. Atua como consultor e produtor de conte\u00fado, ajudando empreendedores a criarem fontes de renda sustent\u00e1veis no ambiente digital. Sua abordagem pr\u00e1tica une inova\u00e7\u00e3o e simplicidade, tornando o mundo dos neg\u00f3cios acess\u00edvel a iniciantes e profissionais. Reconhecido por sua vis\u00e3o estrat\u00e9gica, inspira pessoas a transformarem ideias em resultados e alcan\u00e7arem independ\u00eancia financeira por meio da internet.<\/p><\/div><\/div><\/div>\n<\/div>\n<\/div><\/div>\n\n\n\n<p class=\"has-nv-site-bg-color has-text-color has-link-color wp-elements-b27ad4d4f846d4a0c7d2005d339b05ee\"><\/p>","protected":false},"excerpt":{"rendered":"","protected":false},"author":1,"featured_media":0,"parent":0,"menu_order":0,"comment_status":"closed","ping_status":"closed","template":"","meta":{"neve_meta_sidebar":"","neve_meta_container":"","neve_meta_enable_content_width":"","neve_meta_content_width":0,"neve_meta_title_alignment":"","neve_meta_author_avatar":"","neve_post_elements_order":"","neve_meta_disable_header":"","neve_meta_disable_footer":"","neve_meta_disable_title":"","neve_meta_reading_time":"","footnotes":""},"class_list":["post-622","page","type-page","status-publish","hentry"],"yoast_head":"<!-- This site is optimized with the Yoast SEO plugin v27.4 - https:\/\/yoast.com\/product\/yoast-seo-wordpress\/ -->\n<title>Author - Liberdade Digital<\/title>\n<meta name=\"robots\" content=\"index, follow, max-snippet:-1, max-image-preview:large, max-video-preview:-1\" \/>\n<link rel=\"canonical\" href=\"https:\/\/liberdade-digital.com\/en\/author\/\" \/>\n<meta property=\"og:locale\" content=\"en_US\" \/>\n<meta property=\"og:type\" content=\"article\" \/>\n<meta property=\"og:title\" content=\"Author - Liberdade Digital\" \/>\n<meta property=\"og:url\" content=\"https:\/\/liberdade-digital.com\/en\/author\/\" \/>\n<meta property=\"og:site_name\" content=\"Liberdade Digital\" \/>\n<meta property=\"article:modified_time\" content=\"2025-09-16T12:43:48+00:00\" \/>\n<meta name=\"twitter:card\" content=\"summary_large_image\" \/>\n<script type=\"application\/ld+json\" class=\"yoast-schema-graph\">{\"@context\":\"https:\\\/\\\/schema.org\",\"@graph\":[{\"@type\":\"WebPage\",\"@id\":\"https:\\\/\\\/liberdade-digital.com\\\/author\\\/\",\"url\":\"https:\\\/\\\/liberdade-digital.com\\\/author\\\/\",\"name\":\"Author - Liberdade Digital\",\"isPartOf\":{\"@id\":\"https:\\\/\\\/liberdade-digital.com\\\/#website\"},\"datePublished\":\"2025-08-17T16:28:50+00:00\",\"dateModified\":\"2025-09-16T12:43:48+00:00\",\"breadcrumb\":{\"@id\":\"https:\\\/\\\/liberdade-digital.com\\\/author\\\/#breadcrumb\"},\"inLanguage\":\"en-US\",\"potentialAction\":[{\"@type\":\"ReadAction\",\"target\":[\"https:\\\/\\\/liberdade-digital.com\\\/author\\\/\"]}]},{\"@type\":\"BreadcrumbList\",\"@id\":\"https:\\\/\\\/liberdade-digital.com\\\/author\\\/#breadcrumb\",\"itemListElement\":[{\"@type\":\"ListItem\",\"position\":1,\"name\":\"In\u00edcio\",\"item\":\"https:\\\/\\\/liberdade-digital.com\\\/\"},{\"@type\":\"ListItem\",\"position\":2,\"name\":\"Author\"}]},{\"@type\":\"WebSite\",\"@id\":\"https:\\\/\\\/liberdade-digital.com\\\/#website\",\"url\":\"https:\\\/\\\/liberdade-digital.com\\\/\",\"name\":\"Liberdade Digital\",\"description\":\"Tudo Sobre Mundo Digital\",\"potentialAction\":[{\"@type\":\"SearchAction\",\"target\":{\"@type\":\"EntryPoint\",\"urlTemplate\":\"https:\\\/\\\/liberdade-digital.com\\\/?s={search_term_string}\"},\"query-input\":{\"@type\":\"PropertyValueSpecification\",\"valueRequired\":true,\"valueName\":\"search_term_string\"}}],\"inLanguage\":\"en-US\"}]}<\/script>\n<!-- \/ Yoast SEO plugin. -->","yoast_head_json":{"title":"Author - Liberdade Digital","robots":{"index":"index","follow":"follow","max-snippet":"max-snippet:-1","max-image-preview":"max-image-preview:large","max-video-preview":"max-video-preview:-1"},"canonical":"https:\/\/liberdade-digital.com\/en\/author\/","og_locale":"en_US","og_type":"article","og_title":"Author - Liberdade Digital","og_url":"https:\/\/liberdade-digital.com\/en\/author\/","og_site_name":"Liberdade Digital","article_modified_time":"2025-09-16T12:43:48+00:00","twitter_card":"summary_large_image","schema":{"@context":"https:\/\/schema.org","@graph":[{"@type":"WebPage","@id":"https:\/\/liberdade-digital.com\/author\/","url":"https:\/\/liberdade-digital.com\/author\/","name":"Author - Liberdade Digital","isPartOf":{"@id":"https:\/\/liberdade-digital.com\/#website"},"datePublished":"2025-08-17T16:28:50+00:00","dateModified":"2025-09-16T12:43:48+00:00","breadcrumb":{"@id":"https:\/\/liberdade-digital.com\/author\/#breadcrumb"},"inLanguage":"en-US","potentialAction":[{"@type":"ReadAction","target":["https:\/\/liberdade-digital.com\/author\/"]}]},{"@type":"BreadcrumbList","@id":"https:\/\/liberdade-digital.com\/author\/#breadcrumb","itemListElement":[{"@type":"ListItem","position":1,"name":"In\u00edcio","item":"https:\/\/liberdade-digital.com\/"},{"@type":"ListItem","position":2,"name":"Author"}]},{"@type":"WebSite","@id":"https:\/\/liberdade-digital.com\/#website","url":"https:\/\/liberdade-digital.com\/","name":"Liberdade Digital","description":"Tudo Sobre Mundo Digital","potentialAction":[{"@type":"SearchAction","target":{"@type":"EntryPoint","urlTemplate":"https:\/\/liberdade-digital.com\/?s={search_term_string}"},"query-input":{"@type":"PropertyValueSpecification","valueRequired":true,"valueName":"search_term_string"}}],"inLanguage":"en-US"}]}},"jetpack_sharing_enabled":true,"_links":{"self":[{"href":"https:\/\/liberdade-digital.com\/en\/wp-json\/wp\/v2\/pages\/622","targetHints":{"allow":["GET"]}}],"collection":[{"href":"https:\/\/liberdade-digital.com\/en\/wp-json\/wp\/v2\/pages"}],"about":[{"href":"https:\/\/liberdade-digital.com\/en\/wp-json\/wp\/v2\/types\/page"}],"author":[{"embeddable":true,"href":"https:\/\/liberdade-digital.com\/en\/wp-json\/wp\/v2\/users\/1"}],"replies":[{"embeddable":true,"href":"https:\/\/liberdade-digital.com\/en\/wp-json\/wp\/v2\/comments?post=622"}],"version-history":[{"count":2,"href":"https:\/\/liberdade-digital.com\/en\/wp-json\/wp\/v2\/pages\/622\/revisions"}],"predecessor-version":[{"id":930,"href":"https:\/\/liberdade-digital.com\/en\/wp-json\/wp\/v2\/pages\/622\/revisions\/930"}],"wp:attachment":[{"href":"https:\/\/liberdade-digital.com\/en\/wp-json\/wp\/v2\/media?parent=622"}],"curies":[{"name":"wp","href":"https:\/\/api.w.org\/{rel}","templated":true}]}}